{"id":770,"date":"2016-09-29T19:59:22","date_gmt":"2016-09-29T17:59:22","guid":{"rendered":"https:\/\/www.cosycat-litter.com\/oeko-katzenstreu\/"},"modified":"2025-02-18T10:56:46","modified_gmt":"2025-02-18T09:56:46","slug":"clumping-cat-litter","status":"publish","type":"page","link":"https:\/\/www.cosycat-litter.com\/en\/clumping-cat-litter\/","title":{"rendered":"Application"},"content":{"rendered":"<p>[et_pb_section fb_built=&#8221;1&#8243; custom_padding_last_edited=&#8221;on|desktop&#8221; admin_label=&#8221;section&#8221; _builder_version=&#8221;4.16&#8243; custom_padding_tablet=&#8221;50px|0|50px|0&#8243; custom_padding_phone=&#8221;&#8221; transparent_background=&#8221;off&#8221; padding_mobile=&#8221;off&#8221; make_fullwidth=&#8221;off&#8221; use_custom_width=&#8221;off&#8221; width_unit=&#8221;off&#8221; custom_width_px=&#8221;1080px&#8221; custom_width_percent=&#8221;80%&#8221; global_colors_info=&#8221;{}&#8221;][et_pb_row column_structure=&#8221;2_3,1_3&#8243; padding_mobile=&#8221;off&#8221; column_padding_mobile=&#8221;on&#8221; admin_label=&#8221;row&#8221; _builder_version=&#8221;4.16&#8243; background_size=&#8221;initial&#8221; background_position=&#8221;top_left&#8221; background_repeat=&#8221;repeat&#8221; make_fullwidth=&#8221;off&#8221; use_custom_width=&#8221;off&#8221; width_unit=&#8221;off&#8221; custom_width_px=&#8221;1080px&#8221; custom_width_percent=&#8221;80%&#8221; global_colors_info=&#8221;{}&#8221;][et_pb_column type=&#8221;2_3&#8243; _builder_version=&#8221;4.16&#8243; custom_padding=&#8221;|||&#8221; global_colors_info=&#8221;{}&#8221; custom_padding__hover=&#8221;|||&#8221;][et_pb_text admin_label=&#8221;Unsere \u00d6ko-Katzenstreu bildet stabile Klumpen&#8221; _builder_version=&#8221;4.16&#8243; background_size=&#8221;initial&#8221; background_position=&#8221;top_left&#8221; background_repeat=&#8221;repeat&#8221; use_border_color=&#8221;off&#8221; global_colors_info=&#8221;{}&#8221;]<\/p>\n<h1><strong>Clumping cat litter for stable clumps<\/strong><\/h1>\n<p>[\/et_pb_text][et_pb_image src=&#8221;https:\/\/www.cosycat-litter.com\/wp-content\/uploads\/2022\/02\/cosycat-zwei-varianten-big.jpg&#8221; alt=&#8221;Clumping cat litter in different grain sizes&#8221; title_text=&#8221;cosycat-zwei-varianten-big&#8221; align_tablet=&#8221;center&#8221; align_phone=&#8221;&#8221; align_last_edited=&#8221;on|desktop&#8221; _builder_version=&#8221;4.16&#8243; use_border_color=&#8221;off&#8221; border_color=&#8221;#ffffff&#8221; border_style=&#8221;solid&#8221; animation=&#8221;off&#8221; sticky=&#8221;off&#8221; global_colors_info=&#8221;{}&#8221;]&nbsp;<br \/>\n[\/et_pb_image][et_pb_text admin_label=&#8221;Lauftext&#8221; _builder_version=&#8221;4.16&#8243; background_size=&#8221;initial&#8221; background_position=&#8221;top_left&#8221; background_repeat=&#8221;repeat&#8221; use_border_color=&#8221;off&#8221; global_colors_info=&#8221;{}&#8221;]<\/p>\n<p>Our clumping cat litter COSYCAT is a cat- and <a href=\"https:\/\/www.cosycat-litter.com\/en\/biodegradable-cat-litter\/\">climate-friendly litter<\/a>. The sustainable cat litter is manufactured from pure plant fibres, which are processed to produce soft, low-dust particles. They are pleasant for the cat\u2019s paws and good for your wallet because the clumping litter is highly economical.\u00a0 When used correctly, the clumping cat litter transforms the cat toilet into a feelgood place for humans and cats. No odours, stable clumps, easy disposal.<\/p>\n<h2>Filling the cat toilet<\/h2>\n<p>Fill the empty and clean litter box with COSYCAT clumping cat litter. The layer in the box can be between five and ten centimetres deep. Depending on the size of the litter box and the depth of the litter layer, you\u2019ll need five to ten litres of COSYCAT for one filling.<\/p>\n<h2>Removing litter clumps<\/h2>\n<p>When your cat uses the litter box, COSYCAT absorbs the urine instantly and traps all odours. Nothing seeps through because the granules of the top layer form stable clumps when they come into contact with urine. You can easily remove the urine clumps with a litter scoop. Single clumps can be disposed of directly in a flush toilet. It is best to wait an instant until the clump slightly dissolves in the water before activating the flush.<\/p>\n<h2 id=\"economical\">Leftover cat litter remains clean<\/h2>\n<p>When your cat has used the cat toilet, abundant clean litter remains in the box. After removing the clumps, you can continue to use the remaining litter. The fibres that have had no contact with the urine stay fresh and odour-free. Depending on how frequently your cat uses the cat toilet, the clumping litter can be used for up to several weeks. If the layer gradually becomes thinner, top up the box with new cat litter. You should empty the cat toilet completely every 6 to 8 weeks and dispose of the remaining cat litter. Then clean the cat toilet and fill it with fresh litter.<\/p>\n<h2>Disposing of COSYCAT cat litter<\/h2>\n<p>When you clean out the cat toilet, you can dispose of the leftover litter in the organic waste bin or with household refuse. Please observe the regulations of your local disposal company. Our COSYCAT clumping litter is eco-friendly and doesn\u2019t harm the environment, no matter whether you dispose of it in the organic bin or with household waste.<\/p>\n<h2>\u00a0<\/h2>\n<h2><strong>Clumping cat litter with special properties<\/strong><\/h2>\n<h3 id=\"odour\">Strong odour-neutralising effect<\/h3>\n<p>As soon as the cat\u2019s urine comes into contact with our plant fibres, the litter forms stable clumps. The extremely absorbent fibres quickly trap large urine flows along with the accompanying unpleasant odour, ensuring that your cat toilet always smells clean.<\/p>\n<h3 id=\"absorb\">Highly absorbent<\/h3>\n<p>We use wood fibres to manufacture COSYCAT. Wood is absorbent by nature. With our special processing techniques, we can transform this natural property into superpowers\u00a0 \ud83d\ude09<br \/><a id=\"process\"><\/a><\/p>\n<blockquote>\n<p><strong>Our special process<\/strong><br \/>We reduce the wood to coarse chips. Then we grind the chips into fine wood fibres, increasing the natural absorbency of the fibres from 100% to 150%. For COSYCAT, however, we want the absorbency to be higher than 800%. We therefore process the fibres into fine granules. We sieve the granules and remove the dust. This way we produce a clumping cat litter with particles that are almost dust-free, very soft and extremely absorbent.<\/p>\n<\/blockquote>\n<p>[\/et_pb_text][et_pb_image src=&#8221;\/wp-content\/uploads\/2016\/09\/cosycat-fein_haeufchen-freigestellt.jpg&#8221; alt=&#8221;Granulated clumping cat litter&#8221; align_tablet=&#8221;center&#8221; align_phone=&#8221;&#8221; align_last_edited=&#8221;on|desktop&#8221; _builder_version=&#8221;4.16&#8243; use_border_color=&#8221;off&#8221; border_color=&#8221;#ffffff&#8221; border_style=&#8221;solid&#8221; animation=&#8221;off&#8221; sticky=&#8221;off&#8221; global_colors_info=&#8221;{}&#8221;]&nbsp;<br \/>\n[\/et_pb_image][et_pb_text admin_label=&#8221;Lauftext&#8221; _builder_version=&#8221;4.16&#8243; background_size=&#8221;initial&#8221; background_position=&#8221;top_left&#8221; background_repeat=&#8221;repeat&#8221; use_border_color=&#8221;off&#8221; border_color=&#8221;#ffffff&#8221; border_style=&#8221;solid&#8221; global_colors_info=&#8221;{}&#8221;]<\/p>\n<h3 id=\"quickly\">Quickly absorbent<\/h3>\n<p>Cat litter must soak up high amounts of liquid. This is why we place such great emphasis on the fact that COSYCAT absorbs more than 800% of its own weight. But this alone is not enough. COSYCAT soaks up liquids exceptionally fast. When a cat uses the toilet, the urine comes into contact with the top layer and is immediately enclosed in the fibres. If the liquid were absorbed more slowly, the urine would seep through to the bottom and stick to the base of the cat toilet. The COSYCAT clumping litter prevents this because our plant fibres instantly trap the urine. The liquid forms stable clumps as soon as it comes into contact with the top layer of the litter. The remaining litter thus stays clean.<\/p>\n<h3 id=\"dust-free\">Little to no dust<\/h3>\n<p>With our special manufacturing process, we make sure that COSYCAT consists of tight and at the same time soft particles. The particles are large enough not to stick to the cat\u2019s fur or paws. And they don\u2019t have any harmful effect for the respiratory tract of the cat and the cat owner. Our cat litter produces little to no dust, even when poured into the litter tray.[\/et_pb_text][et_pb_divider show_divider=&#8221;off&#8221; _builder_version=&#8221;4.16&#8243; global_colors_info=&#8221;{}&#8221;][\/et_pb_divider][et_pb_code admin_label=&#8221;iframe Video&#8221; _builder_version=&#8221;4.16&#8243; global_colors_info=&#8221;{}&#8221;]<iframe loading=\"lazy\" width=\"560\" height=\"315\" id=\"video\" src=\"https:\/\/www.youtube.com\/embed\/CkNSaLNyGSM\" frameborder=\"2\" allow=\"autoplay; encrypted-media\" allowfullscreen><\/iframe>[\/et_pb_code][et_pb_divider show_divider=&#8221;off&#8221; _builder_version=&#8221;4.16&#8243; global_colors_info=&#8221;{}&#8221;][\/et_pb_divider][\/et_pb_column][et_pb_column type=&#8221;1_3&#8243; _builder_version=&#8221;4.16&#8243; custom_padding=&#8221;|||&#8221; global_colors_info=&#8221;{}&#8221; custom_padding__hover=&#8221;|||&#8221;][et_pb_text admin_label=&#8221;Kasten rechts&#8221; module_class=&#8221;grey-box left-padding&#8221; _builder_version=&#8221;4.16&#8243; background_size=&#8221;initial&#8221; background_position=&#8221;top_left&#8221; background_repeat=&#8221;repeat&#8221; use_border_color=&#8221;off&#8221; global_colors_info=&#8221;{}&#8221;]<strong>Our clumping cat litter<\/strong><\/p>\n<ul>\n<li>Traps odours<\/li>\n<li>Is antibacterial<\/li>\n<li><a href=\"#absorb\">Clumps quickly and efficiently<\/a><\/li>\n<li><a href=\"#absorb\">Absorbs large amounts of urine<\/a><\/li>\n<li><a href=\"#quickly\">Soaks up liquid quickly<\/a><\/li>\n<li><a href=\"#dust-free\">Produces little to no dust<\/a><\/li>\n<li>Is easy to dispose of<\/li>\n<li>Is eco-friendly<\/li>\n<li>Is lightweight<\/li>\n<\/ul>\n<p>[\/et_pb_text][et_pb_divider show_divider=&#8221;off&#8221; _builder_version=&#8221;4.16&#8243; height=&#8221;20px&#8221; global_colors_info=&#8221;{}&#8221;][\/et_pb_divider][et_pb_code admin_label=&#8221;Teaser Amazon&#8221; _builder_version=&#8221;4.27.4&#8243; hover_enabled=&#8221;0&#8243; global_module=&#8221;895&#8243; saved_tabs=&#8221;all&#8221; locked=&#8221;off&#8221; global_colors_info=&#8221;{}&#8221; sticky_enabled=&#8221;0&#8243;]<\/p>\n<div><!-- [et_pb_line_break_holder] --> <\/p>\n<div class=\"et_pb_module et_pb_text et_pb_text_2 grey-box grey-box-upper left-padding et_pb_bg_layout_light et_pb_text_align_center\" style=\"padding-bottom:0;background-color:#efefef;\"><!-- [et_pb_line_break_holder] --> <\/p>\n<div class=\"et_pb_text_inner\"><!-- [et_pb_line_break_holder] --> <\/p>\n<h4 style=\"text-transform: none;\"><strong>Buy COSYCAT <span class=\"nowrap\">on Amazon:<\/span><\/strong><\/h4>\n<p><!-- [et_pb_line_break_holder] --> <\/div>\n<p><!-- [et_pb_line_break_holder] --> <\/div>\n<p><!-- [et_pb_line_break_holder] --> <a href=\"https:\/\/www.amazon.co.uk\/COSYCAT-organic-clumping-litter-naturally\/dp\/B07D3Q7ZZJ\/\" target=\"_blank\" rel=\"noopener noreferrer\"><!-- [et_pb_line_break_holder] --> <\/p>\n<div class=\"et_pb_module et_pb_text et_pb_text_2 grey-box grey-box-lower left-padding et_pb_bg_layout_light et_pb_text_align_center\" style=\"padding-top:0;\"><!-- [et_pb_line_break_holder] --> <\/p>\n<div class=\"et_pb_text_inner\"><!-- [et_pb_line_break_holder] --> <pee><img loading=\"lazy\" decoding=\"async\" class=\"alignnone wp-image-1895 size-full\" style=\"margin-bottom:8px;\" src=\"https:\/\/www.cosycat-litter.com\/wp-content\/uploads\/2020\/09\/cosycat-20-liter_paperbag_800px.png\" alt=\"Bio-Katzenstreu COSYCAT auf Amazon kaufen\" srcset=\"https:\/\/www.cosycat-litter.com\/wp-content\/uploads\/2020\/09\/cosycat-20-liter_paperbag_800px.png 800w, https:\/\/www.cosycat-litter.com\/wp-content\/uploads\/2020\/09\/cosycat-20-liter_paperbag_800px-300x300.png 300w, https:\/\/www.cosycat-litter.com\/wp-content\/uploads\/2020\/09\/cosycat-20-liter_paperbag_800px-768x768.png 768w\" sizes=\"(max-width: 800px) 100vw, 800px\" width=\"800\" height=\"800\"><\/pee><!-- [et_pb_line_break_holder] --> <pee><img loading=\"lazy\" decoding=\"async\" class=\"alignnone wp-image-889 size-full\" src=\"https:\/\/www.cosycat-litter.com\/wp-content\/uploads\/2018\/07\/800px-Amazon-Logo.png\" alt=\"Bio-Klumpstreu COSYCAT auf Amazon kaufen\" srcset=\"https:\/\/www.cosycat-litter.com\/wp-content\/uploads\/2018\/07\/800px-Amazon-Logo.png 800w, https:\/\/www.cosycat-litter.com\/wp-content\/uploads\/2018\/07\/800px-Amazon-Logo-300x92.png 300w, https:\/\/www.cosycat-litter.com\/wp-content\/uploads\/2018\/07\/800px-Amazon-Logo-768x234.png 768w\" sizes=\"(max-width: 80%) 100vw, 800px\" width=\"800\" height=\"244\"><\/pee><!-- [et_pb_line_break_holder] --> <\/div>\n<p><!-- [et_pb_line_break_holder] --> <\/div>\n<p><!-- [et_pb_line_break_holder] --> <\/a><!-- [et_pb_line_break_holder] --><\/div>\n<p>[\/et_pb_code][\/et_pb_column][\/et_pb_row][\/et_pb_section]<\/p>\n","protected":false},"excerpt":{"rendered":"<p>Clumping cat litter for stable clumps &nbsp; Our clumping cat litter COSYCAT is a cat- and climate-friendly litter. The sustainable cat litter is manufactured from pure plant fibres, which are processed to produce soft, low-dust particles. They are pleasant for the cat\u2019s paws and good for your wallet because the clumping litter is highly economical.\u00a0 [&hellip;]<\/p>\n","protected":false},"author":1,"featured_media":0,"parent":0,"menu_order":0,"comment_status":"closed","ping_status":"closed","template":"","meta":{"_et_pb_use_builder":"on","_et_pb_old_content":"<h3>Hohe Saugf\u00e4higkeit<\/h3>\r\n\r\nF\u00fcr die Herstellung von COSYCAT verwenden wir frisches Holz aus nachhaltig bewirtschafteten W\u00e4ldern. Holz ist von Natur aus saugf\u00e4hig - das haben alle schon festgestellt, die mal einen Holzstuhl im Garten vergessen haben. Mit unserem speziellen Verarbeitungsverfahren k\u00f6nnen wir diese nat\u00fcrliche Eigenschaft noch um ein Vielfaches verst\u00e4rken:\r\n\r\n<blockquote>\r\n<strong>Spezielles Herstellungsverfahren<\/strong>\r\nWir zerkleinern frisches Holz zu Sp\u00e4nen. Diese vermahlen wir zu feinsten Holzfasern. Dadurch steigt die nat\u00fcrliche Saugf\u00e4higkeit der Fasern. Damit wir f\u00fcr COSYCAT eine Saugf\u00e4higkeit von mehr als 700 % erreichen, pressen wir die Holzfasern zu Pellets und granulieren sie. Das Granulat sieben und entstauben wir.<\/blockquote>\r\n\r\nDurch unser spezielles Herstellungsverfahren besteht COSYCAT aus festen Partikeln, die nicht am Fell und den Pfoten der Katzen haften bleiben. Das Granulat staubt kaum beim Einf\u00fcllen in die Katzentoilette und belastet nicht die Atemwege Ihrer Katze.","_et_gb_content_width":"","footnotes":""},"class_list":["post-770","page","type-page","status-publish","hentry"],"yoast_head":"<!-- This site is optimized with the Yoast SEO plugin v27.2 - https:\/\/yoast.com\/product\/yoast-seo-wordpress\/ -->\n<title>Clumping cat litter from pure plant fibres. Stable clumps.<\/title>\n<meta name=\"description\" content=\"Clumping cat litter. Made from plant fibres. Only a few fibres are needed to form stable clumps, which can be flushed down the toilet.\" \/>\n<meta name=\"robots\" content=\"index, follow, max-snippet:-1, max-image-preview:large, max-video-preview:-1\" \/>\n<link rel=\"canonical\" href=\"https:\/\/www.cosycat-litter.com\/en\/clumping-cat-litter\/\" \/>\n<meta property=\"og:locale\" content=\"en_US\" \/>\n<meta property=\"og:type\" content=\"article\" \/>\n<meta property=\"og:title\" content=\"Clumping cat litter from pure plant fibres. Stable clumps.\" \/>\n<meta property=\"og:description\" content=\"Clumping cat litter. Made from plant fibres. Only a few fibres are needed to form stable clumps, which can be flushed down the toilet.\" \/>\n<meta property=\"og:url\" content=\"https:\/\/www.cosycat-litter.com\/en\/clumping-cat-litter\/\" \/>\n<meta property=\"og:site_name\" content=\"cosycat litter\" \/>\n<meta property=\"article:publisher\" content=\"https:\/\/www.facebook.com\/cosycatlitter\/\" \/>\n<meta property=\"article:modified_time\" content=\"2025-02-18T09:56:46+00:00\" \/>\n<meta property=\"og:image\" content=\"https:\/\/www.cosycat-litter.com\/wp-content\/uploads\/2020\/09\/cosycat-20-liter_paperbag_800px.png\" \/>\n<meta name=\"twitter:card\" content=\"summary_large_image\" \/>\n<meta name=\"twitter:label1\" content=\"Est. reading time\" \/>\n\t<meta name=\"twitter:data1\" content=\"5 minutes\" \/>\n<script type=\"application\/ld+json\" class=\"yoast-schema-graph\">{\"@context\":\"https:\/\/schema.org\",\"@graph\":[{\"@type\":\"WebPage\",\"@id\":\"https:\/\/www.cosycat-litter.com\/en\/clumping-cat-litter\/\",\"url\":\"https:\/\/www.cosycat-litter.com\/en\/clumping-cat-litter\/\",\"name\":\"Clumping cat litter from pure plant fibres. Stable clumps.\",\"isPartOf\":{\"@id\":\"https:\/\/www.cosycat-litter.com\/#website\"},\"primaryImageOfPage\":{\"@id\":\"https:\/\/www.cosycat-litter.com\/en\/clumping-cat-litter\/#primaryimage\"},\"image\":{\"@id\":\"https:\/\/www.cosycat-litter.com\/en\/clumping-cat-litter\/#primaryimage\"},\"thumbnailUrl\":\"https:\/\/www.cosycat-litter.com\/wp-content\/uploads\/2020\/09\/cosycat-20-liter_paperbag_800px.png\",\"datePublished\":\"2016-09-29T17:59:22+00:00\",\"dateModified\":\"2025-02-18T09:56:46+00:00\",\"description\":\"Clumping cat litter. Made from plant fibres. Only a few fibres are needed to form stable clumps, which can be flushed down the toilet.\",\"breadcrumb\":{\"@id\":\"https:\/\/www.cosycat-litter.com\/en\/clumping-cat-litter\/#breadcrumb\"},\"inLanguage\":\"en-US\",\"potentialAction\":[{\"@type\":\"ReadAction\",\"target\":[\"https:\/\/www.cosycat-litter.com\/en\/clumping-cat-litter\/\"]}]},{\"@type\":\"ImageObject\",\"inLanguage\":\"en-US\",\"@id\":\"https:\/\/www.cosycat-litter.com\/en\/clumping-cat-litter\/#primaryimage\",\"url\":\"https:\/\/www.cosycat-litter.com\/wp-content\/uploads\/2020\/09\/cosycat-20-liter_paperbag_800px.png\",\"contentUrl\":\"https:\/\/www.cosycat-litter.com\/wp-content\/uploads\/2020\/09\/cosycat-20-liter_paperbag_800px.png\"},{\"@type\":\"BreadcrumbList\",\"@id\":\"https:\/\/www.cosycat-litter.com\/en\/clumping-cat-litter\/#breadcrumb\",\"itemListElement\":[{\"@type\":\"ListItem\",\"position\":1,\"name\":\"Startseite\",\"item\":\"https:\/\/www.cosycat-litter.com\/en\/\"},{\"@type\":\"ListItem\",\"position\":2,\"name\":\"Application\"}]},{\"@type\":\"WebSite\",\"@id\":\"https:\/\/www.cosycat-litter.com\/#website\",\"url\":\"https:\/\/www.cosycat-litter.com\/\",\"name\":\"cosycat litter\",\"description\":\"The Organic Cat Litter\",\"publisher\":{\"@id\":\"https:\/\/www.cosycat-litter.com\/#organization\"},\"potentialAction\":[{\"@type\":\"SearchAction\",\"target\":{\"@type\":\"EntryPoint\",\"urlTemplate\":\"https:\/\/www.cosycat-litter.com\/?s={search_term_string}\"},\"query-input\":{\"@type\":\"PropertyValueSpecification\",\"valueRequired\":true,\"valueName\":\"search_term_string\"}}],\"inLanguage\":\"en-US\"},{\"@type\":\"Organization\",\"@id\":\"https:\/\/www.cosycat-litter.com\/#organization\",\"name\":\"Cosycat \u2013 Natural Cat Litter\",\"url\":\"https:\/\/www.cosycat-litter.com\/\",\"logo\":{\"@type\":\"ImageObject\",\"inLanguage\":\"en-US\",\"@id\":\"https:\/\/www.cosycat-litter.com\/#\/schema\/logo\/image\/\",\"url\":\"https:\/\/www.cosycat-litter.com\/wp-content\/uploads\/2016\/09\/cosycat-logo_144dpi.png\",\"contentUrl\":\"https:\/\/www.cosycat-litter.com\/wp-content\/uploads\/2016\/09\/cosycat-logo_144dpi.png\",\"width\":595,\"height\":283,\"caption\":\"Cosycat \u2013 Natural Cat Litter\"},\"image\":{\"@id\":\"https:\/\/www.cosycat-litter.com\/#\/schema\/logo\/image\/\"},\"sameAs\":[\"https:\/\/www.facebook.com\/cosycatlitter\/\"]}]}<\/script>\n<!-- \/ Yoast SEO plugin. -->","yoast_head_json":{"title":"Clumping cat litter from pure plant fibres. Stable clumps.","description":"Clumping cat litter. Made from plant fibres. Only a few fibres are needed to form stable clumps, which can be flushed down the toilet.","robots":{"index":"index","follow":"follow","max-snippet":"max-snippet:-1","max-image-preview":"max-image-preview:large","max-video-preview":"max-video-preview:-1"},"canonical":"https:\/\/www.cosycat-litter.com\/en\/clumping-cat-litter\/","og_locale":"en_US","og_type":"article","og_title":"Clumping cat litter from pure plant fibres. Stable clumps.","og_description":"Clumping cat litter. Made from plant fibres. Only a few fibres are needed to form stable clumps, which can be flushed down the toilet.","og_url":"https:\/\/www.cosycat-litter.com\/en\/clumping-cat-litter\/","og_site_name":"cosycat litter","article_publisher":"https:\/\/www.facebook.com\/cosycatlitter\/","article_modified_time":"2025-02-18T09:56:46+00:00","og_image":[{"url":"https:\/\/www.cosycat-litter.com\/wp-content\/uploads\/2020\/09\/cosycat-20-liter_paperbag_800px.png","type":"","width":"","height":""}],"twitter_card":"summary_large_image","twitter_misc":{"Est. reading time":"5 minutes"},"schema":{"@context":"https:\/\/schema.org","@graph":[{"@type":"WebPage","@id":"https:\/\/www.cosycat-litter.com\/en\/clumping-cat-litter\/","url":"https:\/\/www.cosycat-litter.com\/en\/clumping-cat-litter\/","name":"Clumping cat litter from pure plant fibres. Stable clumps.","isPartOf":{"@id":"https:\/\/www.cosycat-litter.com\/#website"},"primaryImageOfPage":{"@id":"https:\/\/www.cosycat-litter.com\/en\/clumping-cat-litter\/#primaryimage"},"image":{"@id":"https:\/\/www.cosycat-litter.com\/en\/clumping-cat-litter\/#primaryimage"},"thumbnailUrl":"https:\/\/www.cosycat-litter.com\/wp-content\/uploads\/2020\/09\/cosycat-20-liter_paperbag_800px.png","datePublished":"2016-09-29T17:59:22+00:00","dateModified":"2025-02-18T09:56:46+00:00","description":"Clumping cat litter. Made from plant fibres. Only a few fibres are needed to form stable clumps, which can be flushed down the toilet.","breadcrumb":{"@id":"https:\/\/www.cosycat-litter.com\/en\/clumping-cat-litter\/#breadcrumb"},"inLanguage":"en-US","potentialAction":[{"@type":"ReadAction","target":["https:\/\/www.cosycat-litter.com\/en\/clumping-cat-litter\/"]}]},{"@type":"ImageObject","inLanguage":"en-US","@id":"https:\/\/www.cosycat-litter.com\/en\/clumping-cat-litter\/#primaryimage","url":"https:\/\/www.cosycat-litter.com\/wp-content\/uploads\/2020\/09\/cosycat-20-liter_paperbag_800px.png","contentUrl":"https:\/\/www.cosycat-litter.com\/wp-content\/uploads\/2020\/09\/cosycat-20-liter_paperbag_800px.png"},{"@type":"BreadcrumbList","@id":"https:\/\/www.cosycat-litter.com\/en\/clumping-cat-litter\/#breadcrumb","itemListElement":[{"@type":"ListItem","position":1,"name":"Startseite","item":"https:\/\/www.cosycat-litter.com\/en\/"},{"@type":"ListItem","position":2,"name":"Application"}]},{"@type":"WebSite","@id":"https:\/\/www.cosycat-litter.com\/#website","url":"https:\/\/www.cosycat-litter.com\/","name":"cosycat litter","description":"The Organic Cat Litter","publisher":{"@id":"https:\/\/www.cosycat-litter.com\/#organization"},"potentialAction":[{"@type":"SearchAction","target":{"@type":"EntryPoint","urlTemplate":"https:\/\/www.cosycat-litter.com\/?s={search_term_string}"},"query-input":{"@type":"PropertyValueSpecification","valueRequired":true,"valueName":"search_term_string"}}],"inLanguage":"en-US"},{"@type":"Organization","@id":"https:\/\/www.cosycat-litter.com\/#organization","name":"Cosycat \u2013 Natural Cat Litter","url":"https:\/\/www.cosycat-litter.com\/","logo":{"@type":"ImageObject","inLanguage":"en-US","@id":"https:\/\/www.cosycat-litter.com\/#\/schema\/logo\/image\/","url":"https:\/\/www.cosycat-litter.com\/wp-content\/uploads\/2016\/09\/cosycat-logo_144dpi.png","contentUrl":"https:\/\/www.cosycat-litter.com\/wp-content\/uploads\/2016\/09\/cosycat-logo_144dpi.png","width":595,"height":283,"caption":"Cosycat \u2013 Natural Cat Litter"},"image":{"@id":"https:\/\/www.cosycat-litter.com\/#\/schema\/logo\/image\/"},"sameAs":["https:\/\/www.facebook.com\/cosycatlitter\/"]}]}},"_links":{"self":[{"href":"https:\/\/www.cosycat-litter.com\/en\/wp-json\/wp\/v2\/pages\/770","targetHints":{"allow":["GET"]}}],"collection":[{"href":"https:\/\/www.cosycat-litter.com\/en\/wp-json\/wp\/v2\/pages"}],"about":[{"href":"https:\/\/www.cosycat-litter.com\/en\/wp-json\/wp\/v2\/types\/page"}],"author":[{"embeddable":true,"href":"https:\/\/www.cosycat-litter.com\/en\/wp-json\/wp\/v2\/users\/1"}],"replies":[{"embeddable":true,"href":"https:\/\/www.cosycat-litter.com\/en\/wp-json\/wp\/v2\/comments?post=770"}],"version-history":[{"count":29,"href":"https:\/\/www.cosycat-litter.com\/en\/wp-json\/wp\/v2\/pages\/770\/revisions"}],"predecessor-version":[{"id":2837,"href":"https:\/\/www.cosycat-litter.com\/en\/wp-json\/wp\/v2\/pages\/770\/revisions\/2837"}],"wp:attachment":[{"href":"https:\/\/www.cosycat-litter.com\/en\/wp-json\/wp\/v2\/media?parent=770"}],"curies":[{"name":"wp","href":"https:\/\/api.w.org\/{rel}","templated":true}]}}